{"id":4735,"date":"2025-06-25T14:01:52","date_gmt":"2025-06-25T14:01:52","guid":{"rendered":"https:\/\/quimarte.marciolimadigital.com\/?page_id=4735"},"modified":"2026-01-26T18:37:24","modified_gmt":"2026-01-26T18:37:24","slug":"contacts","status":"publish","type":"page","link":"https:\/\/quimarte.com\/fr\/contacts\/","title":{"rendered":"Contacts"},"content":{"rendered":"\t\t<div data-elementor-type=\"wp-page\" data-elementor-id=\"4735\" class=\"elementor elementor-4735\">\n\t\t\t\t<div class=\"elementor-element elementor-element-53ebe8d e-con-full e-flex e-con e-parent\" data-id=\"53ebe8d\" data-element_type=\"container\" data-e-type=\"container\">\n\t\t\t\t<div class=\"elementor-element elementor-element-be80cd0 elementor-widget elementor-widget-google_maps\" data-id=\"be80cd0\" data-element_type=\"widget\" data-e-type=\"widget\" data-widget_type=\"google_maps.default\">\n\t\t\t\t\t\t\t<div class=\"elementor-custom-embed\">\n\t\t\t<iframe loading=\"lazy\"\n\t\t\t\t\tsrc=\"https:\/\/maps.google.com\/maps?q=quimarte&#038;t=m&#038;z=9&#038;output=embed&#038;iwloc=near\"\n\t\t\t\t\ttitle=\"quimarte\"\n\t\t\t\t\taria-label=\"quimarte\"\n\t\t\t><\/iframe>\n\t\t<\/div>\n\t\t\t\t\t\t<\/div>\n\t\t\t\t<\/div>\n\t\t<div class=\"elementor-element elementor-element-f585a5f e-flex e-con-boxed e-con e-parent\" data-id=\"f585a5f\" data-element_type=\"container\" data-e-type=\"container\">\n\t\t\t\t\t<div class=\"e-con-inner\">\n\t\t<div class=\"elementor-element elementor-element-98089ce e-con-full e-flex e-con e-child\" data-id=\"98089ce\" data-element_type=\"container\" data-e-type=\"container\" data-settings=\"{&quot;background_background&quot;:&quot;classic&quot;}\">\n\t\t\t\t<div class=\"elementor-element elementor-element-4fa6d04 elementor-invisible elementor-widget elementor-widget-rt-title\" data-id=\"4fa6d04\" data-element_type=\"widget\" data-e-type=\"widget\" data-widget_type=\"rt-title.default\">\n\t\t\t\t<div class=\"elementor-widget-container\">\n\t\t\t\t\t<div class=\"rt-section-title has-animation style1\">\n\t<div class=\"title-holder\">\t\t\n\t\t\t\t\t\t<h2 class=\"entry-title hide fadeInUp\" data-wow-delay=\"0.6s\" data-wow-duration=\"1.4s\">Informa\u00e7\u00e3o<\/h2>\n\t\t\t\t\n\t<\/div>\n<\/div>\n\t\t\t\t<\/div>\n\t\t\t\t<\/div>\n\t\t\t\t<div class=\"elementor-element elementor-element-279b21e elementor-invisible elementor-widget elementor-widget-rt-contact-info\" data-id=\"279b21e\" data-element_type=\"widget\" data-e-type=\"widget\" data-widget_type=\"rt-contact-info.default\">\n\t\t\t\t<div class=\"elementor-widget-container\">\n\t\t\t\t\t\n<div class=\"rt-contact-info\">\n    <div class=\"rt-item item-icon hide fadeInUp\" data-wow-delay=\"0.2s\" data-wow-duration=\"1.2s\">\n    \t<div class=\"rt-item-icon\">\n\t          \n\t        \t            <i aria-hidden=\"true\" class=\" icon-faktorie-location\"><\/i>\t        \t         \n\t    <\/div>\n\t    <div class=\"rt-item-content\">\n\t        <h3 class=\"entry-title\">Localiza\u00e7\u00e3o<\/h3>\n\t        <ul class=\"contact-list\">\n\t            \t            <li>\n\t                \t                    Rua Nova da Valada, n\u00ba 1335. 4535-393 Santa Maria de Lamas\t                \t            <\/li>\n\t            \t        <\/ul>\n\t    <\/div>\n    <\/div>\n<\/div>\t\t\t\t<\/div>\n\t\t\t\t<\/div>\n\t\t\t\t<div class=\"elementor-element elementor-element-51bc547 elementor-widget-divider--view-line elementor-widget elementor-widget-divider\" data-id=\"51bc547\" data-element_type=\"widget\" data-e-type=\"widget\" data-widget_type=\"divider.default\">\n\t\t\t\t\t\t\t<div class=\"elementor-divider\">\n\t\t\t<span class=\"elementor-divider-separator\">\n\t\t\t\t\t\t<\/span>\n\t\t<\/div>\n\t\t\t\t\t\t<\/div>\n\t\t\t\t<div class=\"elementor-element elementor-element-4d3cf67 elementor-invisible elementor-widget elementor-widget-rt-contact-info\" data-id=\"4d3cf67\" data-element_type=\"widget\" data-e-type=\"widget\" data-widget_type=\"rt-contact-info.default\">\n\t\t\t\t<div class=\"elementor-widget-container\">\n\t\t\t\t\t\n<div class=\"rt-contact-info\">\n    <div class=\"rt-item item-icon hide fadeInUp\" data-wow-delay=\"0.2s\" data-wow-duration=\"1.2s\">\n    \t<div class=\"rt-item-icon\">\n\t          \n\t        \t            <i aria-hidden=\"true\" class=\" icon-faktorie-phone\"><\/i>\t        \t         \n\t    <\/div>\n\t    <div class=\"rt-item-content\">\n\t        <h3 class=\"entry-title\">Telefone<\/h3>\n\t        <ul class=\"contact-list\">\n\t            \t            <li>\n\t                \t                    +351 227 440 130*<br>\n<div style=\"font-size: 10px; margin-top:-10px;\">(chamada para rede fixa nacional)<\/div>\n\t                \t            <\/li>\n\t            \t        <\/ul>\n\t    <\/div>\n    <\/div>\n<\/div>\t\t\t\t<\/div>\n\t\t\t\t<\/div>\n\t\t\t\t<div class=\"elementor-element elementor-element-040b8e3 elementor-widget-divider--view-line elementor-widget elementor-widget-divider\" data-id=\"040b8e3\" data-element_type=\"widget\" data-e-type=\"widget\" data-widget_type=\"divider.default\">\n\t\t\t\t\t\t\t<div class=\"elementor-divider\">\n\t\t\t<span class=\"elementor-divider-separator\">\n\t\t\t\t\t\t<\/span>\n\t\t<\/div>\n\t\t\t\t\t\t<\/div>\n\t\t\t\t<div class=\"elementor-element elementor-element-378140f elementor-invisible elementor-widget elementor-widget-rt-contact-info\" data-id=\"378140f\" data-element_type=\"widget\" data-e-type=\"widget\" data-widget_type=\"rt-contact-info.default\">\n\t\t\t\t<div class=\"elementor-widget-container\">\n\t\t\t\t\t\n<div class=\"rt-contact-info\">\n    <div class=\"rt-item item-icon hide fadeInUp\" data-wow-delay=\"0.2s\" data-wow-duration=\"1.2s\">\n    \t<div class=\"rt-item-icon\">\n\t          \n\t        \t            <i aria-hidden=\"true\" class=\" icon-faktorie-message\"><\/i>\t        \t         \n\t    <\/div>\n\t    <div class=\"rt-item-content\">\n\t        <h3 class=\"entry-title\"> E-Mail<\/h3>\n\t        <ul class=\"contact-list\">\n\t            \t            <li>\n\t                \t                <a href=\"mailto:geral@quimarte.com\">\n\t                    geral@quimarte.com\t                <\/a>\n\t                \t            <\/li>\n\t            \t        <\/ul>\n\t    <\/div>\n    <\/div>\n<\/div>\t\t\t\t<\/div>\n\t\t\t\t<\/div>\n\t\t\t\t<\/div>\n\t\t<div class=\"elementor-element elementor-element-03fc406 e-con-full e-flex e-con e-child\" data-id=\"03fc406\" data-element_type=\"container\" data-e-type=\"container\" data-settings=\"{&quot;background_background&quot;:&quot;classic&quot;}\">\n\t\t\t\t<div class=\"elementor-element elementor-element-bf9e311 elementor-invisible elementor-widget elementor-widget-rt-title\" data-id=\"bf9e311\" data-element_type=\"widget\" data-e-type=\"widget\" data-widget_type=\"rt-title.default\">\n\t\t\t\t<div class=\"elementor-widget-container\">\n\t\t\t\t\t<div class=\"rt-section-title has-animation style1\">\n\t<div class=\"title-holder\">\t\t\n\t\t\t\t\t\t<h2 class=\"entry-title hide fadeInUp\" data-wow-delay=\"0.6s\" data-wow-duration=\"1.4s\">Entre em Contacto<\/h2>\n\t\t\t\t\n\t<\/div>\n<\/div>\n\t\t\t\t<\/div>\n\t\t\t\t<\/div>\n\t\t\t\t<div class=\"elementor-element elementor-element-4a8f0fe elementor-widget elementor-widget-text-editor\" data-id=\"4a8f0fe\" data-element_type=\"widget\" data-e-type=\"widget\" data-widget_type=\"text-editor.default\">\n\t\t\t\t\t\t\t\t\t<p>Temos uma equipa pronta para o ajudar!\u00a0<\/p>\t\t\t\t\t\t\t\t<\/div>\n\t\t\t\t<div class=\"elementor-element elementor-element-a064b6a elementor-button-align-stretch elementor-widget elementor-widget-form\" data-id=\"a064b6a\" data-element_type=\"widget\" data-e-type=\"widget\" data-settings=\"{&quot;step_next_label&quot;:&quot;Prox&quot;,&quot;step_previous_label&quot;:&quot;Ant.&quot;,&quot;button_width&quot;:&quot;100&quot;,&quot;step_type&quot;:&quot;number_text&quot;,&quot;step_icon_shape&quot;:&quot;circle&quot;}\" data-widget_type=\"form.default\">\n\t\t\t\t<div class=\"elementor-widget-container\">\n\t\t\t\t\t\t\t<form class=\"elementor-form\" method=\"post\" name=\"New Form\">\n\t\t\t<input type=\"hidden\" name=\"post_id\" value=\"4735\"\/>\n\t\t\t<input type=\"hidden\" name=\"form_id\" value=\"a064b6a\"\/>\n\t\t\t<input type=\"hidden\" name=\"referer_title\" value=\"Quimarte\" \/>\n\n\t\t\t\n\t\t\t<div class=\"elementor-form-fields-wrapper elementor-labels-\">\n\t\t\t\t\t\t\t\t<div class=\"elementor-field-type-text elementor-field-group elementor-column elementor-field-group-nome elementor-col-50 elementor-md-50 elementor-field-required\">\n\t\t\t\t\t\t\t\t\t\t\t\t<label for=\"form-field-nome\" class=\"elementor-field-label elementor-screen-only\">\n\t\t\t\t\t\t\t\tNome\t\t\t\t\t\t\t<\/label>\n\t\t\t\t\t\t\t\t\t\t\t\t\t\t<input size=\"1\" type=\"text\" name=\"form_fields[nome]\" id=\"form-field-nome\" class=\"elementor-field elementor-size-sm  elementor-field-textual\" placeholder=\"Nome\" required=\"required\" aria-required=\"true\">\n\t\t\t\t\t\t\t\t\t\t\t<\/div>\n\t\t\t\t\t\t\t\t<div class=\"elementor-field-type-email elementor-field-group elementor-column elementor-field-group-email elementor-col-50 elementor-md-50 elementor-field-required\">\n\t\t\t\t\t\t\t\t\t\t\t\t<label for=\"form-field-email\" class=\"elementor-field-label elementor-screen-only\">\n\t\t\t\t\t\t\t\tEmail\t\t\t\t\t\t\t<\/label>\n\t\t\t\t\t\t\t\t\t\t\t\t\t\t<input size=\"1\" type=\"email\" name=\"form_fields[email]\" id=\"form-field-email\" class=\"elementor-field elementor-size-sm  elementor-field-textual\" placeholder=\"Email\" required=\"required\" aria-required=\"true\">\n\t\t\t\t\t\t\t\t\t\t\t<\/div>\n\t\t\t\t\t\t\t\t<div class=\"elementor-field-type-tel elementor-field-group elementor-column elementor-field-group-tel elementor-col-50 elementor-md-50\">\n\t\t\t\t\t\t\t\t\t\t\t\t<label for=\"form-field-tel\" class=\"elementor-field-label elementor-screen-only\">\n\t\t\t\t\t\t\t\tTelefone\t\t\t\t\t\t\t<\/label>\n\t\t\t\t\t\t\t\t<input size=\"1\" type=\"tel\" name=\"form_fields[tel]\" id=\"form-field-tel\" class=\"elementor-field elementor-size-sm  elementor-field-textual\" placeholder=\"Telefone\" pattern=\"[0-9()#&amp;+*-=.]+\" title=\"Only numbers and phone characters (#, -, *, etc) are accepted.\">\n\n\t\t\t\t\t\t<\/div>\n\t\t\t\t\t\t\t\t<div class=\"elementor-field-type-text elementor-field-group elementor-column elementor-field-group-assunto elementor-col-50 elementor-md-50\">\n\t\t\t\t\t\t\t\t\t\t\t\t<label for=\"form-field-assunto\" class=\"elementor-field-label elementor-screen-only\">\n\t\t\t\t\t\t\t\tAssunto\t\t\t\t\t\t\t<\/label>\n\t\t\t\t\t\t\t\t\t\t\t\t\t\t<input size=\"1\" type=\"text\" name=\"form_fields[assunto]\" id=\"form-field-assunto\" class=\"elementor-field elementor-size-sm  elementor-field-textual\" placeholder=\"Assunto\">\n\t\t\t\t\t\t\t\t\t\t\t<\/div>\n\t\t\t\t\t\t\t\t<div class=\"elementor-field-type-textarea elementor-field-group elementor-column elementor-field-group-mensagem elementor-col-100 elementor-md-100\">\n\t\t\t\t\t\t\t\t\t\t\t\t<label for=\"form-field-mensagem\" class=\"elementor-field-label elementor-screen-only\">\n\t\t\t\t\t\t\t\tMensagem\t\t\t\t\t\t\t<\/label>\n\t\t\t\t\t\t<textarea class=\"elementor-field-textual elementor-field  elementor-size-sm\" name=\"form_fields[mensagem]\" id=\"form-field-mensagem\" rows=\"5\" placeholder=\"Mensagem\"><\/textarea>\t\t\t\t<\/div>\n\t\t\t\t\t\t\t\t<div class=\"elementor-field-type-acceptance elementor-field-group elementor-column elementor-field-group-aceitacao elementor-col-100 elementor-md-100 elementor-field-required\">\n\t\t\t\t\t\t\t\t\t\t\t\t<label for=\"form-field-aceitacao\" class=\"elementor-field-label elementor-screen-only\">\n\t\t\t\t\t\t\t\taceitacao\t\t\t\t\t\t\t<\/label>\n\t\t\t\t\t\t\t\t<div class=\"elementor-field-subgroup\">\n\t\t\t<span class=\"elementor-field-option\">\n\t\t\t\t<input type=\"checkbox\" name=\"form_fields[aceitacao]\" id=\"form-field-aceitacao\" class=\"elementor-field elementor-size-sm  elementor-acceptance-field\" required=\"required\" aria-required=\"true\">\n\t\t\t\t<label for=\"form-field-aceitacao\">Li e aceito a Pol\u00edtica de Privacidade da Quimarte<\/label>\t\t\t<\/span>\n\t\t<\/div>\n\t\t\t\t\t\t<\/div>\n\t\t\t\t\t\t\t\t<div class=\"elementor-field-group elementor-column elementor-field-type-submit elementor-col-100 e-form__buttons\">\n\t\t\t\t\t<button type=\"submit\" class=\"elementor-button elementor-size-sm\">\n\t\t\t\t\t\t<span >\n\t\t\t\t\t\t\t\t\t\t\t\t\t\t\t<span class=\" elementor-button-icon\">\n\t\t\t\t\t\t\t\t\t\t\t\t\t\t\t\t\t\t\t\t\t\t\t\t\t\t<\/span>\n\t\t\t\t\t\t\t\t\t\t\t\t\t\t\t\t\t\t\t\t\t\t<span class=\"elementor-button-text\">Enviar<\/span>\n\t\t\t\t\t\t\t\t\t\t\t\t\t<\/span>\n\t\t\t\t\t<\/button>\n\t\t\t\t<\/div>\n\t\t\t<\/div>\n\t\t<\/form>\n\t\t\t\t\t\t<\/div>\n\t\t\t\t<\/div>\n\t\t\t\t<\/div>\n\t\t\t\t\t<\/div>\n\t\t\t\t<\/div>\n\t\t\t\t<\/div>\n\t\t","protected":false},"excerpt":{"rendered":"<p>Informa\u00e7\u00e3o Localiza\u00e7\u00e3o Rua Nova da Valada, n\u00ba 1335. 4535-393 Santa Maria de Lamas Telefone +351 227 440 130* (chamada para rede fixa nacional) E-Mail geral@quimarte.com Entre em Contacto Temos uma equipa pronta para o ajudar!\u00a0<\/p>","protected":false},"author":1,"featured_media":0,"parent":0,"menu_order":0,"comment_status":"closed","ping_status":"closed","template":"elementor_header_footer","meta":{"footnotes":""},"class_list":["post-4735","page","type-page","status-publish","hentry"],"yoast_head":"<!-- This site is optimized with the Yoast SEO plugin v27.1.1 - https:\/\/yoast.com\/product\/yoast-seo-wordpress\/ -->\n<title>Quimarte - Contactos<\/title>\n<meta name=\"description\" content=\"Contacte a Quimarte \u2013 Metaliza\u00e7\u00e3o e Acabamentos Qu\u00edmicos. Pe\u00e7a or\u00e7amentos, esclare\u00e7a d\u00favidas e fale com especialistas em tratamentos de superf\u00edcie met\u00e1lica.\" \/>\n<meta name=\"robots\" content=\"index, follow, max-snippet:-1, max-image-preview:large, max-video-preview:-1\" \/>\n<link rel=\"canonical\" href=\"https:\/\/quimarte.com\/fr\/contacts\/\" \/>\n<meta property=\"og:locale\" content=\"fr_FR\" \/>\n<meta property=\"og:type\" content=\"article\" \/>\n<meta property=\"og:title\" content=\"Quimarte - Contactos\" \/>\n<meta property=\"og:description\" content=\"Contacte a Quimarte \u2013 Metaliza\u00e7\u00e3o e Acabamentos Qu\u00edmicos. Pe\u00e7a or\u00e7amentos, esclare\u00e7a d\u00favidas e fale com especialistas em tratamentos de superf\u00edcie met\u00e1lica.\" \/>\n<meta property=\"og:url\" content=\"https:\/\/quimarte.com\/fr\/contacts\/\" \/>\n<meta property=\"og:site_name\" content=\"Quimarte\" \/>\n<meta property=\"article:modified_time\" content=\"2026-01-26T18:37:24+00:00\" \/>\n<meta name=\"twitter:card\" content=\"summary_large_image\" \/>\n<meta name=\"twitter:label1\" content=\"Dur\u00e9e de lecture estim\u00e9e\" \/>\n\t<meta name=\"twitter:data1\" content=\"1 minute\" \/>\n<script type=\"application\/ld+json\" class=\"yoast-schema-graph\">{\"@context\":\"https:\/\/schema.org\",\"@graph\":[{\"@type\":\"WebPage\",\"@id\":\"https:\/\/quimarte.com\/contactos\/\",\"url\":\"https:\/\/quimarte.com\/contactos\/\",\"name\":\"Quimarte - Contactos\",\"isPartOf\":{\"@id\":\"https:\/\/quimarte.com\/fr\/#website\"},\"datePublished\":\"2025-06-25T14:01:52+00:00\",\"dateModified\":\"2026-01-26T18:37:24+00:00\",\"description\":\"Contacte a Quimarte \u2013 Metaliza\u00e7\u00e3o e Acabamentos Qu\u00edmicos. Pe\u00e7a or\u00e7amentos, esclare\u00e7a d\u00favidas e fale com especialistas em tratamentos de superf\u00edcie met\u00e1lica.\",\"breadcrumb\":{\"@id\":\"https:\/\/quimarte.com\/contactos\/#breadcrumb\"},\"inLanguage\":\"fr-FR\",\"potentialAction\":[{\"@type\":\"ReadAction\",\"target\":[\"https:\/\/quimarte.com\/contactos\/\"]}]},{\"@type\":\"BreadcrumbList\",\"@id\":\"https:\/\/quimarte.com\/contactos\/#breadcrumb\",\"itemListElement\":[{\"@type\":\"ListItem\",\"position\":1,\"name\":\"In\u00edcio\",\"item\":\"https:\/\/quimarte.com\/\"},{\"@type\":\"ListItem\",\"position\":2,\"name\":\"Contactos\"}]},{\"@type\":\"WebSite\",\"@id\":\"https:\/\/quimarte.com\/fr\/#website\",\"url\":\"https:\/\/quimarte.com\/fr\/\",\"name\":\"Quimarte\",\"description\":\"Metaliza\u00e7\u00e3o e Acabamentos Qu\u00edmicos\",\"publisher\":{\"@id\":\"https:\/\/quimarte.com\/fr\/#organization\"},\"potentialAction\":[{\"@type\":\"SearchAction\",\"target\":{\"@type\":\"EntryPoint\",\"urlTemplate\":\"https:\/\/quimarte.com\/fr\/?s={search_term_string}\"},\"query-input\":{\"@type\":\"PropertyValueSpecification\",\"valueRequired\":true,\"valueName\":\"search_term_string\"}}],\"inLanguage\":\"fr-FR\"},{\"@type\":\"Organization\",\"@id\":\"https:\/\/quimarte.com\/fr\/#organization\",\"name\":\"Quimarte-metaliza\u00e7\u00e3o E Acabamentos Qu\u00edmicos Lda\",\"alternateName\":\"Quimarte\",\"url\":\"https:\/\/quimarte.com\/fr\/\",\"logo\":{\"@type\":\"ImageObject\",\"inLanguage\":\"fr-FR\",\"@id\":\"https:\/\/quimarte.com\/fr\/#\/schema\/logo\/image\/\",\"url\":\"https:\/\/quimarte.com\/wp-content\/uploads\/2025\/07\/Logo_Principal_Quimarte.png\",\"contentUrl\":\"https:\/\/quimarte.com\/wp-content\/uploads\/2025\/07\/Logo_Principal_Quimarte.png\",\"width\":720,\"height\":189,\"caption\":\"Quimarte-metaliza\u00e7\u00e3o E Acabamentos Qu\u00edmicos Lda\"},\"image\":{\"@id\":\"https:\/\/quimarte.com\/fr\/#\/schema\/logo\/image\/\"}}]}<\/script>\n<!-- \/ Yoast SEO plugin. -->","yoast_head_json":{"title":"Quimarte - Contactos","description":"Contacte a Quimarte \u2013 Metaliza\u00e7\u00e3o e Acabamentos Qu\u00edmicos. Pe\u00e7a or\u00e7amentos, esclare\u00e7a d\u00favidas e fale com especialistas em tratamentos de superf\u00edcie met\u00e1lica.","robots":{"index":"index","follow":"follow","max-snippet":"max-snippet:-1","max-image-preview":"max-image-preview:large","max-video-preview":"max-video-preview:-1"},"canonical":"https:\/\/quimarte.com\/fr\/contacts\/","og_locale":"fr_FR","og_type":"article","og_title":"Quimarte - Contactos","og_description":"Contacte a Quimarte \u2013 Metaliza\u00e7\u00e3o e Acabamentos Qu\u00edmicos. Pe\u00e7a or\u00e7amentos, esclare\u00e7a d\u00favidas e fale com especialistas em tratamentos de superf\u00edcie met\u00e1lica.","og_url":"https:\/\/quimarte.com\/fr\/contacts\/","og_site_name":"Quimarte","article_modified_time":"2026-01-26T18:37:24+00:00","twitter_card":"summary_large_image","twitter_misc":{"Dur\u00e9e de lecture estim\u00e9e":"1 minute"},"schema":{"@context":"https:\/\/schema.org","@graph":[{"@type":"WebPage","@id":"https:\/\/quimarte.com\/contactos\/","url":"https:\/\/quimarte.com\/contactos\/","name":"Quimarte - Contactos","isPartOf":{"@id":"https:\/\/quimarte.com\/fr\/#website"},"datePublished":"2025-06-25T14:01:52+00:00","dateModified":"2026-01-26T18:37:24+00:00","description":"Contacte a Quimarte \u2013 Metaliza\u00e7\u00e3o e Acabamentos Qu\u00edmicos. Pe\u00e7a or\u00e7amentos, esclare\u00e7a d\u00favidas e fale com especialistas em tratamentos de superf\u00edcie met\u00e1lica.","breadcrumb":{"@id":"https:\/\/quimarte.com\/contactos\/#breadcrumb"},"inLanguage":"fr-FR","potentialAction":[{"@type":"ReadAction","target":["https:\/\/quimarte.com\/contactos\/"]}]},{"@type":"BreadcrumbList","@id":"https:\/\/quimarte.com\/contactos\/#breadcrumb","itemListElement":[{"@type":"ListItem","position":1,"name":"In\u00edcio","item":"https:\/\/quimarte.com\/"},{"@type":"ListItem","position":2,"name":"Contactos"}]},{"@type":"WebSite","@id":"https:\/\/quimarte.com\/fr\/#website","url":"https:\/\/quimarte.com\/fr\/","name":"Quimarte","description":"Metaliza\u00e7\u00e3o e Acabamentos Qu\u00edmicos","publisher":{"@id":"https:\/\/quimarte.com\/fr\/#organization"},"potentialAction":[{"@type":"SearchAction","target":{"@type":"EntryPoint","urlTemplate":"https:\/\/quimarte.com\/fr\/?s={search_term_string}"},"query-input":{"@type":"PropertyValueSpecification","valueRequired":true,"valueName":"search_term_string"}}],"inLanguage":"fr-FR"},{"@type":"Organization","@id":"https:\/\/quimarte.com\/fr\/#organization","name":"Quimarte-metaliza\u00e7\u00e3o E Acabamentos Qu\u00edmicos Lda","alternateName":"Quimarte","url":"https:\/\/quimarte.com\/fr\/","logo":{"@type":"ImageObject","inLanguage":"fr-FR","@id":"https:\/\/quimarte.com\/fr\/#\/schema\/logo\/image\/","url":"https:\/\/quimarte.com\/wp-content\/uploads\/2025\/07\/Logo_Principal_Quimarte.png","contentUrl":"https:\/\/quimarte.com\/wp-content\/uploads\/2025\/07\/Logo_Principal_Quimarte.png","width":720,"height":189,"caption":"Quimarte-metaliza\u00e7\u00e3o E Acabamentos Qu\u00edmicos Lda"},"image":{"@id":"https:\/\/quimarte.com\/fr\/#\/schema\/logo\/image\/"}}]}},"_links":{"self":[{"href":"https:\/\/quimarte.com\/fr\/wp-json\/wp\/v2\/pages\/4735","targetHints":{"allow":["GET"]}}],"collection":[{"href":"https:\/\/quimarte.com\/fr\/wp-json\/wp\/v2\/pages"}],"about":[{"href":"https:\/\/quimarte.com\/fr\/wp-json\/wp\/v2\/types\/page"}],"author":[{"embeddable":true,"href":"https:\/\/quimarte.com\/fr\/wp-json\/wp\/v2\/users\/1"}],"replies":[{"embeddable":true,"href":"https:\/\/quimarte.com\/fr\/wp-json\/wp\/v2\/comments?post=4735"}],"version-history":[{"count":25,"href":"https:\/\/quimarte.com\/fr\/wp-json\/wp\/v2\/pages\/4735\/revisions"}],"predecessor-version":[{"id":5678,"href":"https:\/\/quimarte.com\/fr\/wp-json\/wp\/v2\/pages\/4735\/revisions\/5678"}],"wp:attachment":[{"href":"https:\/\/quimarte.com\/fr\/wp-json\/wp\/v2\/media?parent=4735"}],"curies":[{"name":"wp","href":"https:\/\/api.w.org\/{rel}","templated":true}]}}