{"id":4729,"date":"2025-06-25T13:54:57","date_gmt":"2025-06-25T13:54:57","guid":{"rendered":"https:\/\/quimarte.marciolimadigital.com\/?page_id=4729"},"modified":"2026-01-26T18:34:41","modified_gmt":"2026-01-26T18:34:41","slug":"medioambiente","status":"publish","type":"page","link":"https:\/\/quimarte.com\/es\/medioambiente\/","title":{"rendered":"Medio Ambiente"},"content":{"rendered":"<div data-elementor-type=\"wp-page\" data-elementor-id=\"4729\" class=\"elementor elementor-4729\">\n\t\t\t\t<div class=\"elementor-element elementor-element-391cee3c e-flex e-con-boxed e-con e-parent\" data-id=\"391cee3c\" data-element_type=\"container\" data-e-type=\"container\">\n\t\t\t\t\t<div class=\"e-con-inner\">\n\t\t\t\t<div class=\"elementor-element elementor-element-35c06f06 elementor-widget elementor-widget-text-editor\" data-id=\"35c06f06\" data-element_type=\"widget\" data-e-type=\"widget\" data-widget_type=\"text-editor.default\">\n\t\t\t\t\t\t\t\t\t<p data-start=\"464\" data-end=\"860\">En Quimarte, entendemos la sostenibilidad como una parte fundamental de nuestra identidad empresarial. Trabajando en una industria t\u00e9cnicamente exigente como el tratamiento de superficies met\u00e1licas, asumimos la responsabilidad de minimizar el impacto ambiental de nuestras operaciones mediante pr\u00e1cticas sostenibles, inversiones tecnol\u00f3gicas y un estricto cumplimiento de la legislaci\u00f3n vigente.<\/p><p data-start=\"862\" data-end=\"1027\">Creemos que es posible combinar calidad t\u00e9cnica, eficiencia productiva y responsabilidad ecol\u00f3gica, y eso es exactamente lo que aplicamos cada d\u00eda.<\/p><p data-start=\"862\" data-end=\"1027\">Para reducir nuestra huella ecol\u00f3gica, invertimos en la producci\u00f3n de energ\u00eda renovable mediante paneles solares fotovoltaicos instalados en nuestras instalaciones. Otro pilar de nuestra estrategia ambiental es la recuperaci\u00f3n y reutilizaci\u00f3n del agua industrial. Actualmente, conseguimos reciclar alrededor del 85% del agua utilizada en nuestros procesos. Esta agua se reintegra en el circuito productivo, reduciendo de forma significativa el consumo y el desperdicio.<\/p><p><!-- \/wp:paragraph --><\/p>\t\t\t\t\t\t\t\t<\/div>\n\t\t\t\t\t<\/div>\n\t\t\t\t<\/div>\n\t\t<div class=\"elementor-element elementor-element-218ac6d e-flex e-con-boxed e-con e-parent\" data-id=\"218ac6d\" data-element_type=\"container\" data-e-type=\"container\" data-settings=\"{&quot;background_background&quot;:&quot;classic&quot;}\">\n\t\t\t\t\t<div class=\"e-con-inner\">\n\t\t<div class=\"elementor-element elementor-element-057bd05 e-con-full e-flex e-con e-child\" data-id=\"057bd05\" data-element_type=\"container\" data-e-type=\"container\">\n\t\t\t\t<div class=\"elementor-element elementor-element-6011889 elementor-invisible elementor-widget elementor-widget-rt-title-with-text\" data-id=\"6011889\" data-element_type=\"widget\" data-e-type=\"widget\" data-widget_type=\"rt-title-with-text.default\">\n\t\t\t\t<div class=\"elementor-widget-container\">\n\t\t\t\t\t<div class=\"rt-title-text has-animation title-text-style1\">\n\t\t\t<div class=\"entry-subtitle hide fadeInUp\" data-wow-delay=\"0.2s\" data-wow-duration=\"1.2s\">Sostenibilidad e Innovaci\u00f3n<span class=\"line\"><\/span><\/div>\n\t\t\t\t<h2 class=\"entry-title hide fadeInUp\" data-wow-delay=\"0.4s\" data-wow-duration=\"1.2s\">Compromiso con la Sostenibilidad<\/h2>\t\t\n\t\t\n\t<div class=\"entry-content hide fadeInUp\" data-wow-delay=\"0.6s\" data-wow-duration=\"1.2s\"><p>En Quimarte, estamos profundamente comprometidos con pr\u00e1cticas ambientales responsables. Invertimos en el tratamiento eficiente de efluentes y residuos qu\u00edmicos, adem\u00e1s de adoptar soluciones para reducir el consumo energ\u00e9tico en todas nuestras operaciones.<\/p><p>La sostenibilidad est\u00e1 en el centro de nuestras actividades, y buscamos innovar constantemente para minimizar nuestro impacto en el medio ambiente. Para garantizarlo, contamos con tres centrales de desmineralizaci\u00f3n de agua, colaboraciones con empresas certificadas para el tratamiento de residuos y el uso de paneles solares, reforzando as\u00ed nuestro compromiso con la energ\u00eda limpia y un futuro sostenible.<\/p><\/div>\n\n\t<\/div>\t\t\t\t<\/div>\n\t\t\t\t<\/div>\n\t\t\t\t<\/div>\n\t\t<div class=\"elementor-element elementor-element-56635d9 e-con-full e-flex e-con e-child\" data-id=\"56635d9\" data-element_type=\"container\" data-e-type=\"container\">\n\t\t\t\t<div class=\"elementor-element elementor-element-804d4b3 elementor-widget elementor-widget-image\" data-id=\"804d4b3\" data-element_type=\"widget\" data-e-type=\"widget\" data-widget_type=\"image.default\">\n\t\t\t\t\t\t\t\t\t\t\t\t\t\t\t<img fetchpriority=\"high\" decoding=\"async\" width=\"640\" height=\"466\" src=\"https:\/\/quimarte.com\/wp-content\/uploads\/2025\/06\/Ambiente2.jpg\" class=\"attachment-large size-large wp-image-4695\" alt=\"\" srcset=\"https:\/\/quimarte.com\/wp-content\/uploads\/2025\/06\/Ambiente2.jpg 640w, https:\/\/quimarte.com\/wp-content\/uploads\/2025\/06\/Ambiente2-300x218.jpg 300w\" sizes=\"(max-width: 640px) 100vw, 640px\" \/>\t\t\t\t\t\t\t\t\t\t\t\t\t\t\t<\/div>\n\t\t\t\t<\/div>\n\t\t\t\t\t<\/div>\n\t\t\t\t<\/div>\n\t\t\t\t<section class=\"elementor-section elementor-top-section elementor-element elementor-element-31e3ce2 elementor-reverse-tablet elementor-reverse-mobile elementor-section-boxed elementor-section-height-default elementor-section-height-default rt-parallax-bg-no\" data-id=\"31e3ce2\" data-element_type=\"section\" data-e-type=\"section\">\n\t\t\t\t\t\t<div class=\"elementor-container elementor-column-gap-default\">\n\t\t\t\t\t<div class=\"elementor-column elementor-col-33 elementor-top-column elementor-element elementor-element-bb4a93f\" data-id=\"bb4a93f\" data-element_type=\"column\" data-e-type=\"column\">\n\t\t\t<div class=\"elementor-widget-wrap elementor-element-populated\">\n\t\t\t\t\t\t<div class=\"elementor-element elementor-element-456eaa1 elementor-widget elementor-widget-image\" data-id=\"456eaa1\" data-element_type=\"widget\" data-e-type=\"widget\" data-widget_type=\"image.default\">\n\t\t\t\t\t\t\t\t\t\t\t\t\t\t\t<img decoding=\"async\" width=\"2560\" height=\"1684\" src=\"https:\/\/quimarte.com\/wp-content\/uploads\/2025\/10\/Paineis-solares-1-scaled.jpg\" class=\"attachment-full size-full wp-image-5149\" alt=\"\" srcset=\"https:\/\/quimarte.com\/wp-content\/uploads\/2025\/10\/Paineis-solares-1-scaled.jpg 2560w, https:\/\/quimarte.com\/wp-content\/uploads\/2025\/10\/Paineis-solares-1-300x197.jpg 300w, https:\/\/quimarte.com\/wp-content\/uploads\/2025\/10\/Paineis-solares-1-1024x673.jpg 1024w, https:\/\/quimarte.com\/wp-content\/uploads\/2025\/10\/Paineis-solares-1-768x505.jpg 768w, https:\/\/quimarte.com\/wp-content\/uploads\/2025\/10\/Paineis-solares-1-1536x1010.jpg 1536w, https:\/\/quimarte.com\/wp-content\/uploads\/2025\/10\/Paineis-solares-1-2048x1347.jpg 2048w\" sizes=\"(max-width: 2560px) 100vw, 2560px\" \/>\t\t\t\t\t\t\t\t\t\t\t\t\t\t\t<\/div>\n\t\t\t\t\t<\/div>\n\t\t<\/div>\n\t\t\t\t<div class=\"elementor-column elementor-col-66 elementor-top-column elementor-element elementor-element-84f5f46\" data-id=\"84f5f46\" data-element_type=\"column\" data-e-type=\"column\">\n\t\t\t<div class=\"elementor-widget-wrap elementor-element-populated\">\n\t\t\t\t\t\t<div class=\"elementor-element elementor-element-4d438a3 elementor-invisible elementor-widget elementor-widget-rt-title\" data-id=\"4d438a3\" data-element_type=\"widget\" data-e-type=\"widget\" data-widget_type=\"rt-title.default\">\n\t\t\t\t<div class=\"elementor-widget-container\">\n\t\t\t\t\t<div class=\"rt-section-title has-animation style2\">\n\t<div class=\"title-holder\">\n\t\t\t\t<h3 class=\"entry-title hide fadeInUp\" data-wow-delay=\"0.6s\" data-wow-duration=\"1.4s\">Preguntas Frecuentes<\/h3>\t\t\n\t\t\t<\/div>\n<\/div>\t\t\t\t<\/div>\n\t\t\t\t<\/div>\n\t\t\t\t<div class=\"elementor-element elementor-element-e6e37c4 elementor-widget elementor-widget-rt-accordion\" data-id=\"e6e37c4\" data-element_type=\"widget\" data-e-type=\"widget\" data-widget_type=\"rt-accordion.default\">\n\t\t\t\t<div class=\"elementor-widget-container\">\n\t\t\t\t\t<div id=\"rtaccordion-1\" class=\"rt-accordion rt-accordion-style-1\" >\r\n       <div class=\"rt-accordion-item\">\r\n        <h2 class=\"rt-accordion-header active\" id=\"rtaccordion-aquimarteusaenergiasrenov\u00e1veis\" >\r\n            <button class=\"rt-accordion-button\" type=\"button\" data-bs-toggle=\"collapse\" data-bs-target=\"#rtaccordion-collapse-aquimarteusaenergiasrenov\u00e1veis\" aria-expanded=\"true\">\r\n                <span class=\"rt-accordion-icon rt-accordion-icon-right\" aria-hidden=\"true\">\r\n                                            <span class=\"rt-accordion-icon-closed\"><i class=\"icon-faktorie-right-arrow\"><\/i><\/span>\r\n                        <span class=\"rt-accordion-icon-opened\"><i class=\"icon-faktorie-up-arrow\"><\/i><\/span>\r\n                                    <\/span>\r\n                <span class=\"rt-accordion-title rt-title-right\">\u00bfQuimarte utiliza energ\u00edas renovables?<\/span>\r\n            <\/button>\r\n       <\/h2>       \r\n        <div id=\"rtaccordion-collapse-aquimarteusaenergiasrenov\u00e1veis\" class=\"accordion-collapse collapse show\" aria-labelledby=\"rtaccordion-aquimarteusaenergiasrenov\u00e1veis\" data-bs-parent=\"#rtaccordion-1\">\r\n            <div class=\"accordion-body\">\r\n              <p>S\u00ed. Contamos con paneles solares fotovoltaicos que producen parte de nuestra energ\u00eda, reduciendo emisiones y aumentando nuestra autonom\u00eda energ\u00e9tica.<\/p>            <\/div>\r\n        <\/div>\r\n   <\/div>\r\n       <div class=\"rt-accordion-item\">\r\n        <h2 class=\"rt-accordion-header\" id=\"rtaccordion-comogeremosres\u00edduosindustriais\" >\r\n            <button class=\"rt-accordion-button collapsed\" type=\"button\" data-bs-toggle=\"collapse\" data-bs-target=\"#rtaccordion-collapse-comogeremosres\u00edduosindustriais\" aria-expanded=\"true\">\r\n                <span class=\"rt-accordion-icon rt-accordion-icon-right\" aria-hidden=\"true\">\r\n                                            <span class=\"rt-accordion-icon-closed\"><i class=\"icon-faktorie-right-arrow\"><\/i><\/span>\r\n                        <span class=\"rt-accordion-icon-opened\"><i class=\"icon-faktorie-up-arrow\"><\/i><\/span>\r\n                                    <\/span>\r\n                <span class=\"rt-accordion-title rt-title-right\">Como gerem os res\u00edduos industriais?<\/span>\r\n            <\/button>\r\n       <\/h2>       \r\n        <div id=\"rtaccordion-collapse-comogeremosres\u00edduosindustriais\" class=\"accordion-collapse collapse\" aria-labelledby=\"rtaccordion-comogeremosres\u00edduosindustriais\" data-bs-parent=\"#rtaccordion-1\">\r\n            <div class=\"accordion-body\">\r\n              <p>Na nossa empresa, adotamos pr\u00e1ticas sustent\u00e1veis na gest\u00e3o de res\u00edduos industriais. Reciclamos 85% da \u00e1gua utilizada nos nossos processos, contribuindo assim para a preserva\u00e7\u00e3o dos recursos h\u00eddricos.<\/p><p>Os restantes res\u00edduos s\u00e3o recolhidos por empresas certificadas, especializadas na gest\u00e3o e tratamento de res\u00edduos, garantindo que sejam tratados de forma adequada e respons\u00e1vel.<\/p>            <\/div>\r\n        <\/div>\r\n   <\/div>\r\n       <div class=\"rt-accordion-item\">\r\n        <h2 class=\"rt-accordion-header\" id=\"rtaccordion-utilizamprodutosperigosos\" >\r\n            <button class=\"rt-accordion-button collapsed\" type=\"button\" data-bs-toggle=\"collapse\" data-bs-target=\"#rtaccordion-collapse-utilizamprodutosperigosos\" aria-expanded=\"true\">\r\n                <span class=\"rt-accordion-icon rt-accordion-icon-right\" aria-hidden=\"true\">\r\n                                            <span class=\"rt-accordion-icon-closed\"><i class=\"icon-faktorie-right-arrow\"><\/i><\/span>\r\n                        <span class=\"rt-accordion-icon-opened\"><i class=\"icon-faktorie-up-arrow\"><\/i><\/span>\r\n                                    <\/span>\r\n                <span class=\"rt-accordion-title rt-title-right\">Utilizam produtos perigosos?<\/span>\r\n            <\/button>\r\n       <\/h2>       \r\n        <div id=\"rtaccordion-collapse-utilizamprodutosperigosos\" class=\"accordion-collapse collapse\" aria-labelledby=\"rtaccordion-utilizamprodutosperigosos\" data-bs-parent=\"#rtaccordion-1\">\r\n            <div class=\"accordion-body\">\r\n              <p data-start=\"3858\" data-end=\"4089\">Utilizamos produtos t\u00e9cnicos de acordo com os requisitos do setor, sempre com controlo rigoroso e forma\u00e7\u00e3o cont\u00ednua. Sempre que poss\u00edvel, substitu\u00edmos por solu\u00e7\u00f5es mais seguras e sustent\u00e1veis.<\/p>            <\/div>\r\n        <\/div>\r\n   <\/div>\r\n       <div class=\"rt-accordion-item\">\r\n        <h2 class=\"rt-accordion-header\" id=\"rtaccordion-aresponsabilidadeambientaltemimpactonoservi\u00e7o\" >\r\n            <button class=\"rt-accordion-button collapsed\" type=\"button\" data-bs-toggle=\"collapse\" data-bs-target=\"#rtaccordion-collapse-aresponsabilidadeambientaltemimpactonoservi\u00e7o\" aria-expanded=\"true\">\r\n                <span class=\"rt-accordion-icon rt-accordion-icon-right\" aria-hidden=\"true\">\r\n                                            <span class=\"rt-accordion-icon-closed\"><i class=\"icon-faktorie-right-arrow\"><\/i><\/span>\r\n                        <span class=\"rt-accordion-icon-opened\"><i class=\"icon-faktorie-up-arrow\"><\/i><\/span>\r\n                                    <\/span>\r\n                <span class=\"rt-accordion-title rt-title-right\">A responsabilidade ambiental tem impacto no servi\u00e7o?<\/span>\r\n            <\/button>\r\n       <\/h2>       \r\n        <div id=\"rtaccordion-collapse-aresponsabilidadeambientaltemimpactonoservi\u00e7o\" class=\"accordion-collapse collapse\" aria-labelledby=\"rtaccordion-aresponsabilidadeambientaltemimpactonoservi\u00e7o\" data-bs-parent=\"#rtaccordion-1\">\r\n            <div class=\"accordion-body\">\r\n              <p>Sim, um impacto positivo. A nossa efici\u00eancia ambiental permite oferecer solu\u00e7\u00f5es mais competitivas, est\u00e1veis e \u00e9ticas.<\/p>            <\/div>\r\n        <\/div>\r\n   <\/div>\r\n    <\/div>\r\n\t\t\t\t<\/div>\n\t\t\t\t<\/div>\n\t\t\t\t\t<\/div>\n\t\t<\/div>\n\t\t\t\t\t<\/div>\n\t\t<\/section>\n\t\t\t\t<\/div>","protected":false},"excerpt":{"rendered":"<p>Na Quimarte, encaramos a sustentabilidade como parte integrante da nossa identidade empresarial. Trabalhando numa ind\u00fastria tecnicamente exigente como o tratamento de superf\u00edcies met\u00e1licas, assumimos a responsabilidade de minimizar o impacto ambiental das nossas opera\u00e7\u00f5es atrav\u00e9s de pr\u00e1ticas sustent\u00e1veis, investimentos tecnol\u00f3gicos e conformidade rigorosa com a legisla\u00e7\u00e3o em vigor. Acreditamos que \u00e9 poss\u00edvel aliar qualidade t\u00e9cnica, [&hellip;]<\/p>\n","protected":false},"author":1,"featured_media":0,"parent":0,"menu_order":0,"comment_status":"closed","ping_status":"closed","template":"elementor_header_footer","meta":{"footnotes":""},"class_list":["post-4729","page","type-page","status-publish","hentry"],"yoast_head":"<!-- This site is optimized with the Yoast SEO plugin v27.1.1 - https:\/\/yoast.com\/product\/yoast-seo-wordpress\/ -->\n<title>Quimarte - Ambiente<\/title>\n<meta name=\"description\" content=\"Na Quimarte, encaramos a sustentabilidade como parte integrante da nossa identidade empresarial.\" \/>\n<meta name=\"robots\" content=\"index, follow, max-snippet:-1, max-image-preview:large, max-video-preview:-1\" \/>\n<link rel=\"canonical\" href=\"https:\/\/quimarte.com\/es\/medioambiente\/\" \/>\n<meta property=\"og:locale\" content=\"es_ES\" \/>\n<meta property=\"og:type\" content=\"article\" \/>\n<meta property=\"og:title\" content=\"Quimarte - Ambiente\" \/>\n<meta property=\"og:description\" content=\"Na Quimarte, encaramos a sustentabilidade como parte integrante da nossa identidade empresarial.\" \/>\n<meta property=\"og:url\" content=\"https:\/\/quimarte.com\/es\/medioambiente\/\" \/>\n<meta property=\"og:site_name\" content=\"Quimarte\" \/>\n<meta property=\"article:modified_time\" content=\"2026-01-26T18:34:41+00:00\" \/>\n<meta property=\"og:image\" content=\"https:\/\/quimarte.com\/wp-content\/uploads\/2025\/06\/Ambiente2.jpg\" \/>\n\t<meta property=\"og:image:width\" content=\"640\" \/>\n\t<meta property=\"og:image:height\" content=\"466\" \/>\n\t<meta property=\"og:image:type\" content=\"image\/jpeg\" \/>\n<meta name=\"twitter:card\" content=\"summary_large_image\" \/>\n<meta name=\"twitter:label1\" content=\"Tiempo de lectura\" \/>\n\t<meta name=\"twitter:data1\" content=\"2 minutos\" \/>\n<script type=\"application\/ld+json\" class=\"yoast-schema-graph\">{\"@context\":\"https:\/\/schema.org\",\"@graph\":[{\"@type\":\"WebPage\",\"@id\":\"https:\/\/quimarte.com\/ambiente\/\",\"url\":\"https:\/\/quimarte.com\/ambiente\/\",\"name\":\"Quimarte - Ambiente\",\"isPartOf\":{\"@id\":\"https:\/\/quimarte.com\/fr\/#website\"},\"primaryImageOfPage\":{\"@id\":\"https:\/\/quimarte.com\/ambiente\/#primaryimage\"},\"image\":{\"@id\":\"https:\/\/quimarte.com\/ambiente\/#primaryimage\"},\"thumbnailUrl\":\"https:\/\/quimarte.com\/wp-content\/uploads\/2025\/06\/Ambiente2.jpg\",\"datePublished\":\"2025-06-25T13:54:57+00:00\",\"dateModified\":\"2026-01-26T18:34:41+00:00\",\"description\":\"Na Quimarte, encaramos a sustentabilidade como parte integrante da nossa identidade empresarial.\",\"breadcrumb\":{\"@id\":\"https:\/\/quimarte.com\/ambiente\/#breadcrumb\"},\"inLanguage\":\"es\",\"potentialAction\":[{\"@type\":\"ReadAction\",\"target\":[\"https:\/\/quimarte.com\/ambiente\/\"]}]},{\"@type\":\"ImageObject\",\"inLanguage\":\"es\",\"@id\":\"https:\/\/quimarte.com\/ambiente\/#primaryimage\",\"url\":\"https:\/\/quimarte.com\/wp-content\/uploads\/2025\/06\/Ambiente2.jpg\",\"contentUrl\":\"https:\/\/quimarte.com\/wp-content\/uploads\/2025\/06\/Ambiente2.jpg\"},{\"@type\":\"BreadcrumbList\",\"@id\":\"https:\/\/quimarte.com\/ambiente\/#breadcrumb\",\"itemListElement\":[{\"@type\":\"ListItem\",\"position\":1,\"name\":\"In\u00edcio\",\"item\":\"https:\/\/quimarte.com\/\"},{\"@type\":\"ListItem\",\"position\":2,\"name\":\"Ambiente\"}]},{\"@type\":\"WebSite\",\"@id\":\"https:\/\/quimarte.com\/fr\/#website\",\"url\":\"https:\/\/quimarte.com\/fr\/\",\"name\":\"Quimarte\",\"description\":\"Metaliza\u00e7\u00e3o e Acabamentos Qu\u00edmicos\",\"publisher\":{\"@id\":\"https:\/\/quimarte.com\/fr\/#organization\"},\"potentialAction\":[{\"@type\":\"SearchAction\",\"target\":{\"@type\":\"EntryPoint\",\"urlTemplate\":\"https:\/\/quimarte.com\/fr\/?s={search_term_string}\"},\"query-input\":{\"@type\":\"PropertyValueSpecification\",\"valueRequired\":true,\"valueName\":\"search_term_string\"}}],\"inLanguage\":\"es\"},{\"@type\":\"Organization\",\"@id\":\"https:\/\/quimarte.com\/fr\/#organization\",\"name\":\"Quimarte-metaliza\u00e7\u00e3o E Acabamentos Qu\u00edmicos Lda\",\"alternateName\":\"Quimarte\",\"url\":\"https:\/\/quimarte.com\/fr\/\",\"logo\":{\"@type\":\"ImageObject\",\"inLanguage\":\"es\",\"@id\":\"https:\/\/quimarte.com\/fr\/#\/schema\/logo\/image\/\",\"url\":\"https:\/\/quimarte.com\/wp-content\/uploads\/2025\/07\/Logo_Principal_Quimarte.png\",\"contentUrl\":\"https:\/\/quimarte.com\/wp-content\/uploads\/2025\/07\/Logo_Principal_Quimarte.png\",\"width\":720,\"height\":189,\"caption\":\"Quimarte-metaliza\u00e7\u00e3o E Acabamentos Qu\u00edmicos Lda\"},\"image\":{\"@id\":\"https:\/\/quimarte.com\/fr\/#\/schema\/logo\/image\/\"}}]}<\/script>\n<!-- \/ Yoast SEO plugin. -->","yoast_head_json":{"title":"Quimarte - Ambiente","description":"Na Quimarte, encaramos a sustentabilidade como parte integrante da nossa identidade empresarial.","robots":{"index":"index","follow":"follow","max-snippet":"max-snippet:-1","max-image-preview":"max-image-preview:large","max-video-preview":"max-video-preview:-1"},"canonical":"https:\/\/quimarte.com\/es\/medioambiente\/","og_locale":"es_ES","og_type":"article","og_title":"Quimarte - Ambiente","og_description":"Na Quimarte, encaramos a sustentabilidade como parte integrante da nossa identidade empresarial.","og_url":"https:\/\/quimarte.com\/es\/medioambiente\/","og_site_name":"Quimarte","article_modified_time":"2026-01-26T18:34:41+00:00","og_image":[{"width":640,"height":466,"url":"https:\/\/quimarte.com\/wp-content\/uploads\/2025\/06\/Ambiente2.jpg","type":"image\/jpeg"}],"twitter_card":"summary_large_image","twitter_misc":{"Tiempo de lectura":"2 minutos"},"schema":{"@context":"https:\/\/schema.org","@graph":[{"@type":"WebPage","@id":"https:\/\/quimarte.com\/ambiente\/","url":"https:\/\/quimarte.com\/ambiente\/","name":"Quimarte - Ambiente","isPartOf":{"@id":"https:\/\/quimarte.com\/fr\/#website"},"primaryImageOfPage":{"@id":"https:\/\/quimarte.com\/ambiente\/#primaryimage"},"image":{"@id":"https:\/\/quimarte.com\/ambiente\/#primaryimage"},"thumbnailUrl":"https:\/\/quimarte.com\/wp-content\/uploads\/2025\/06\/Ambiente2.jpg","datePublished":"2025-06-25T13:54:57+00:00","dateModified":"2026-01-26T18:34:41+00:00","description":"Na Quimarte, encaramos a sustentabilidade como parte integrante da nossa identidade empresarial.","breadcrumb":{"@id":"https:\/\/quimarte.com\/ambiente\/#breadcrumb"},"inLanguage":"es","potentialAction":[{"@type":"ReadAction","target":["https:\/\/quimarte.com\/ambiente\/"]}]},{"@type":"ImageObject","inLanguage":"es","@id":"https:\/\/quimarte.com\/ambiente\/#primaryimage","url":"https:\/\/quimarte.com\/wp-content\/uploads\/2025\/06\/Ambiente2.jpg","contentUrl":"https:\/\/quimarte.com\/wp-content\/uploads\/2025\/06\/Ambiente2.jpg"},{"@type":"BreadcrumbList","@id":"https:\/\/quimarte.com\/ambiente\/#breadcrumb","itemListElement":[{"@type":"ListItem","position":1,"name":"In\u00edcio","item":"https:\/\/quimarte.com\/"},{"@type":"ListItem","position":2,"name":"Ambiente"}]},{"@type":"WebSite","@id":"https:\/\/quimarte.com\/fr\/#website","url":"https:\/\/quimarte.com\/fr\/","name":"Quimarte","description":"Metaliza\u00e7\u00e3o e Acabamentos Qu\u00edmicos","publisher":{"@id":"https:\/\/quimarte.com\/fr\/#organization"},"potentialAction":[{"@type":"SearchAction","target":{"@type":"EntryPoint","urlTemplate":"https:\/\/quimarte.com\/fr\/?s={search_term_string}"},"query-input":{"@type":"PropertyValueSpecification","valueRequired":true,"valueName":"search_term_string"}}],"inLanguage":"es"},{"@type":"Organization","@id":"https:\/\/quimarte.com\/fr\/#organization","name":"Quimarte-metaliza\u00e7\u00e3o E Acabamentos Qu\u00edmicos Lda","alternateName":"Quimarte","url":"https:\/\/quimarte.com\/fr\/","logo":{"@type":"ImageObject","inLanguage":"es","@id":"https:\/\/quimarte.com\/fr\/#\/schema\/logo\/image\/","url":"https:\/\/quimarte.com\/wp-content\/uploads\/2025\/07\/Logo_Principal_Quimarte.png","contentUrl":"https:\/\/quimarte.com\/wp-content\/uploads\/2025\/07\/Logo_Principal_Quimarte.png","width":720,"height":189,"caption":"Quimarte-metaliza\u00e7\u00e3o E Acabamentos Qu\u00edmicos Lda"},"image":{"@id":"https:\/\/quimarte.com\/fr\/#\/schema\/logo\/image\/"}}]}},"_links":{"self":[{"href":"https:\/\/quimarte.com\/es\/wp-json\/wp\/v2\/pages\/4729","targetHints":{"allow":["GET"]}}],"collection":[{"href":"https:\/\/quimarte.com\/es\/wp-json\/wp\/v2\/pages"}],"about":[{"href":"https:\/\/quimarte.com\/es\/wp-json\/wp\/v2\/types\/page"}],"author":[{"embeddable":true,"href":"https:\/\/quimarte.com\/es\/wp-json\/wp\/v2\/users\/1"}],"replies":[{"embeddable":true,"href":"https:\/\/quimarte.com\/es\/wp-json\/wp\/v2\/comments?post=4729"}],"version-history":[{"count":31,"href":"https:\/\/quimarte.com\/es\/wp-json\/wp\/v2\/pages\/4729\/revisions"}],"predecessor-version":[{"id":5672,"href":"https:\/\/quimarte.com\/es\/wp-json\/wp\/v2\/pages\/4729\/revisions\/5672"}],"wp:attachment":[{"href":"https:\/\/quimarte.com\/es\/wp-json\/wp\/v2\/media?parent=4729"}],"curies":[{"name":"wp","href":"https:\/\/api.w.org\/{rel}","templated":true}]}}