{"id":92,"date":"2025-06-06T08:24:28","date_gmt":"2025-06-06T08:24:28","guid":{"rendered":"https:\/\/radiustheme.com\/demo\/wordpress\/themes\/faktorie\/?page_id=92"},"modified":"2026-01-26T18:41:31","modified_gmt":"2026-01-26T18:41:31","slug":"quality","status":"publish","type":"page","link":"https:\/\/quimarte.com\/en\/quality\/","title":{"rendered":"Quality"},"content":{"rendered":"<div data-elementor-type=\"wp-page\" data-elementor-id=\"92\" class=\"elementor elementor-92\">\n\t\t\t\t<div class=\"elementor-element elementor-element-391cee3c e-flex e-con-boxed e-con e-parent\" data-id=\"391cee3c\" data-element_type=\"container\" data-e-type=\"container\">\n\t\t\t\t\t<div class=\"e-con-inner\">\n\t\t\t\t<div class=\"elementor-element elementor-element-35c06f06 elementor-widget elementor-widget-text-editor\" data-id=\"35c06f06\" data-element_type=\"widget\" data-e-type=\"widget\" data-widget_type=\"text-editor.default\">\n\t\t\t\t\t\t\t\t\t<p data-start=\"407\" data-end=\"685\">At Quimarte, quality is not just a goal, it is the foundation of our entire activity. Since the company was founded in 1978, we have evolved with a focus on continuous improvement, customer satisfaction, and innovation in metal surface treatment processes.<\/p><p data-start=\"687\" data-end=\"921\">Our quality policy is aligned with the requirements of the NP EN ISO 9001 standard, which guide us in implementing a solid, reliable and continuously monitored Quality Management System.\u00a0<\/p><p data-start=\"687\" data-end=\"921\">Whether the finish is nickel plating, copper plating, chrome plating, gold plating, zinc plating, painting and varnishing, silver plating or tin plating, we ensure that every piece leaving our facilities has been inspected, validated and meets strict quality control criteria.<\/p><p><!-- \/wp:paragraph --><\/p>\t\t\t\t\t\t\t\t<\/div>\n\t\t\t\t\t<\/div>\n\t\t\t\t<\/div>\n\t\t<div class=\"elementor-element elementor-element-218ac6d e-flex e-con-boxed e-con e-parent\" data-id=\"218ac6d\" data-element_type=\"container\" data-e-type=\"container\" data-settings=\"{&quot;background_background&quot;:&quot;classic&quot;}\">\n\t\t\t\t\t<div class=\"e-con-inner\">\n\t\t<div class=\"elementor-element elementor-element-057bd05 e-con-full e-flex e-con e-child\" data-id=\"057bd05\" data-element_type=\"container\" data-e-type=\"container\">\n\t\t\t\t<div class=\"elementor-element elementor-element-007f4e4 elementor-invisible elementor-widget elementor-widget-rt-title-with-text\" data-id=\"007f4e4\" data-element_type=\"widget\" data-e-type=\"widget\" data-widget_type=\"rt-title-with-text.default\">\n\t\t\t\t<div class=\"elementor-widget-container\">\n\t\t\t\t\t<div class=\"rt-title-text has-animation title-text-style1\">\n\t\t\t<div class=\"entry-subtitle hide fadeInUp\" data-wow-delay=\"0.2s\" data-wow-duration=\"1.2s\">CERTIFICATIONS AND QUALITY<span class=\"line\"><\/span><\/div>\n\t\t\t\t<h2 class=\"entry-title hide fadeInUp\" data-wow-delay=\"0.4s\" data-wow-duration=\"1.2s\">Commitment to Quality<\/h2>\t\t\n\t\t\n\t<div class=\"entry-content hide fadeInUp\" data-wow-delay=\"0.6s\" data-wow-duration=\"1.2s\"><p>The NP EN ISO 9001 standards are the foundation of our Quality Management System. These certifications confirm our ability to meet legal, internal and customer requirements, with a continuous focus on operational excellence and customer satisfaction.<\/p><\/div>\n\n\t<\/div>\t\t\t\t<\/div>\n\t\t\t\t<\/div>\n\t\t\t\t<\/div>\n\t\t<div class=\"elementor-element elementor-element-56635d9 e-con-full e-flex e-con e-child\" data-id=\"56635d9\" data-element_type=\"container\" data-e-type=\"container\">\n\t\t<div class=\"elementor-element elementor-element-9b478ca e-con-full e-flex e-con e-child\" data-id=\"9b478ca\" data-element_type=\"container\" data-e-type=\"container\">\n\t\t<a class=\"elementor-element elementor-element-74110f7 e-con-full e-flex e-con e-child\" data-id=\"74110f7\" data-element_type=\"container\" data-e-type=\"container\" href=\"\/wp-content\/uploads\/2025\/10\/CertificadoER-0457-2022_PT_2025-08-04.pdf\">\n\t\t\t\t<div class=\"elementor-element elementor-element-08a5e1c elementor-invisible elementor-widget elementor-widget-rt-info-box\" data-id=\"08a5e1c\" data-element_type=\"widget\" data-e-type=\"widget\" data-widget_type=\"rt-info-box.default\">\n\t\t\t\t<div class=\"elementor-widget-container\">\n\t\t\t\t\t<div class=\"rt-info-box rt-info-style1 hide fadeInUp\" data-wow-delay=\"0.2s\" data-wow-duration=\"1.2s\">\n\t<div class=\"rt-info-item media-icon\">\t\t\n\t\t<div class=\"rt-media\">\n\t\t\t \t\n\t\t\t\t\t\t\t<span class=\"rt-icon\"><i class=\"far fa-file-pdf\"><\/i><\/span>\n\t\t\t\t\t\t\t\n\t\t<\/div>\n\t\t<div class=\"rt-content\">\n\t\t\t\t\t\t<h3 class=\"rt-title\">ISO 9001 Certificate<\/h3>\n\t\t\t\t\t<\/div>\n\t<\/div>\n<\/div>\t\t\t\t<\/div>\n\t\t\t\t<\/div>\n\t\t\t\t<\/a>\n\t\t<a class=\"elementor-element elementor-element-0149b8f e-con-full e-flex e-con e-child\" data-id=\"0149b8f\" data-element_type=\"container\" data-e-type=\"container\" href=\"\/wp-content\/uploads\/2025\/06\/Politica-de-Qualidade_Quimarte.pdf\">\n\t\t\t\t<div class=\"elementor-element elementor-element-f65167f elementor-invisible elementor-widget elementor-widget-rt-info-box\" data-id=\"f65167f\" data-element_type=\"widget\" data-e-type=\"widget\" data-widget_type=\"rt-info-box.default\">\n\t\t\t\t<div class=\"elementor-widget-container\">\n\t\t\t\t\t<div class=\"rt-info-box rt-info-style1 hide fadeInUp\" data-wow-delay=\"0.2s\" data-wow-duration=\"1.2s\">\n\t<div class=\"rt-info-item media-icon\">\t\t\n\t\t<div class=\"rt-media\">\n\t\t\t \t\n\t\t\t\t\t\t\t<span class=\"rt-icon\"><i class=\"far fa-file-pdf\"><\/i><\/span>\n\t\t\t\t\t\t\t\n\t\t<\/div>\n\t\t<div class=\"rt-content\">\n\t\t\t\t\t\t<h3 class=\"rt-title\">Quality Policy<\/h3>\n\t\t\t\t\t<\/div>\n\t<\/div>\n<\/div>\t\t\t\t<\/div>\n\t\t\t\t<\/div>\n\t\t\t\t<\/a>\n\t\t\t\t<\/div>\n\t\t\t\t<\/div>\n\t\t\t\t\t<\/div>\n\t\t\t\t<\/div>\n\t\t\t\t<section class=\"elementor-section elementor-top-section elementor-element elementor-element-31e3ce2 elementor-reverse-tablet elementor-reverse-mobile elementor-section-boxed elementor-section-height-default elementor-section-height-default rt-parallax-bg-no\" data-id=\"31e3ce2\" data-element_type=\"section\" data-e-type=\"section\">\n\t\t\t\t\t\t<div class=\"elementor-container elementor-column-gap-default\">\n\t\t\t\t\t<div class=\"elementor-column elementor-col-33 elementor-top-column elementor-element elementor-element-bb4a93f\" data-id=\"bb4a93f\" data-element_type=\"column\" data-e-type=\"column\">\n\t\t\t<div class=\"elementor-widget-wrap elementor-element-populated\">\n\t\t\t\t\t\t<div class=\"elementor-element elementor-element-456eaa1 elementor-widget elementor-widget-image\" data-id=\"456eaa1\" data-element_type=\"widget\" data-e-type=\"widget\" data-widget_type=\"image.default\">\n\t\t\t\t\t\t\t\t\t\t\t\t\t\t\t<img fetchpriority=\"high\" decoding=\"async\" width=\"480\" height=\"659\" src=\"https:\/\/quimarte.com\/wp-content\/uploads\/2025\/06\/Qualidade1.jpg\" class=\"attachment-full size-full wp-image-4722\" alt=\"\" srcset=\"https:\/\/quimarte.com\/wp-content\/uploads\/2025\/06\/Qualidade1.jpg 480w, https:\/\/quimarte.com\/wp-content\/uploads\/2025\/06\/Qualidade1-219x300.jpg 219w\" sizes=\"(max-width: 480px) 100vw, 480px\" \/>\t\t\t\t\t\t\t\t\t\t\t\t\t\t\t<\/div>\n\t\t\t\t\t<\/div>\n\t\t<\/div>\n\t\t\t\t<div class=\"elementor-column elementor-col-66 elementor-top-column elementor-element elementor-element-84f5f46\" data-id=\"84f5f46\" data-element_type=\"column\" data-e-type=\"column\">\n\t\t\t<div class=\"elementor-widget-wrap elementor-element-populated\">\n\t\t\t\t\t\t<div class=\"elementor-element elementor-element-4d438a3 elementor-invisible elementor-widget elementor-widget-rt-title\" data-id=\"4d438a3\" data-element_type=\"widget\" data-e-type=\"widget\" data-widget_type=\"rt-title.default\">\n\t\t\t\t<div class=\"elementor-widget-container\">\n\t\t\t\t\t<div class=\"rt-section-title has-animation style2\">\n\t<div class=\"title-holder\">\n\t\t\t\t<h3 class=\"entry-title hide fadeInUp\" data-wow-delay=\"0.6s\" data-wow-duration=\"1.4s\">Frequently Asked Questions<\/h3>\t\t\n\t\t\t<\/div>\n<\/div>\t\t\t\t<\/div>\n\t\t\t\t<\/div>\n\t\t\t\t<div class=\"elementor-element elementor-element-e6e37c4 elementor-widget elementor-widget-rt-accordion\" data-id=\"e6e37c4\" data-element_type=\"widget\" data-e-type=\"widget\" data-widget_type=\"rt-accordion.default\">\n\t\t\t\t<div class=\"elementor-widget-container\">\n\t\t\t\t\t<div id=\"rtaccordion-1\" class=\"rt-accordion rt-accordion-style-1\" >\r\n       <div class=\"rt-accordion-item\">\r\n        <h2 class=\"rt-accordion-header active\" id=\"rtaccordion-aqualidade\u00e9controladaemtodasasetapas\" >\r\n            <button class=\"rt-accordion-button\" type=\"button\" data-bs-toggle=\"collapse\" data-bs-target=\"#rtaccordion-collapse-aqualidade\u00e9controladaemtodasasetapas\" aria-expanded=\"true\">\r\n                <span class=\"rt-accordion-icon rt-accordion-icon-right\" aria-hidden=\"true\">\r\n                                            <span class=\"rt-accordion-icon-closed\"><i class=\"icon-faktorie-right-arrow\"><\/i><\/span>\r\n                        <span class=\"rt-accordion-icon-opened\"><i class=\"icon-faktorie-up-arrow\"><\/i><\/span>\r\n                                    <\/span>\r\n                <span class=\"rt-accordion-title rt-title-right\">Is quality controlled at every stage?<\/span>\r\n            <\/button>\r\n       <\/h2>       \r\n        <div id=\"rtaccordion-collapse-aqualidade\u00e9controladaemtodasasetapas\" class=\"accordion-collapse collapse show\" aria-labelledby=\"rtaccordion-aqualidade\u00e9controladaemtodasasetapas\" data-bs-parent=\"#rtaccordion-1\">\r\n            <div class=\"accordion-body\">\r\n              <p>Yes. We carry out quality control from the reception of the parts, throughout the entire treatment process, up to the final inspection and packaging.<\/p>            <\/div>\r\n        <\/div>\r\n   <\/div>\r\n       <div class=\"rt-accordion-item\">\r\n        <h2 class=\"rt-accordion-header\" id=\"rtaccordion-comoasseguramconsist\u00eanciaentrelotes\" >\r\n            <button class=\"rt-accordion-button collapsed\" type=\"button\" data-bs-toggle=\"collapse\" data-bs-target=\"#rtaccordion-collapse-comoasseguramconsist\u00eanciaentrelotes\" aria-expanded=\"true\">\r\n                <span class=\"rt-accordion-icon rt-accordion-icon-right\" aria-hidden=\"true\">\r\n                                            <span class=\"rt-accordion-icon-closed\"><i class=\"icon-faktorie-right-arrow\"><\/i><\/span>\r\n                        <span class=\"rt-accordion-icon-opened\"><i class=\"icon-faktorie-up-arrow\"><\/i><\/span>\r\n                                    <\/span>\r\n                <span class=\"rt-accordion-title rt-title-right\">How do you ensure consistency between batches?<\/span>\r\n            <\/button>\r\n       <\/h2>       \r\n        <div id=\"rtaccordion-collapse-comoasseguramconsist\u00eanciaentrelotes\" class=\"accordion-collapse collapse\" aria-labelledby=\"rtaccordion-comoasseguramconsist\u00eanciaentrelotes\" data-bs-parent=\"#rtaccordion-1\">\r\n            <div class=\"accordion-body\">\r\n              <p>We use measurement equipment, regular calibration, sampling-based control plans and process traceability.<\/p>            <\/div>\r\n        <\/div>\r\n   <\/div>\r\n       <div class=\"rt-accordion-item\">\r\n        <h2 class=\"rt-accordion-header\" id=\"rtaccordion-trabalhamcomrequisitost\u00e9cnicosespec\u00edficosdocliente\" >\r\n            <button class=\"rt-accordion-button collapsed\" type=\"button\" data-bs-toggle=\"collapse\" data-bs-target=\"#rtaccordion-collapse-trabalhamcomrequisitost\u00e9cnicosespec\u00edficosdocliente\" aria-expanded=\"true\">\r\n                <span class=\"rt-accordion-icon rt-accordion-icon-right\" aria-hidden=\"true\">\r\n                                            <span class=\"rt-accordion-icon-closed\"><i class=\"icon-faktorie-right-arrow\"><\/i><\/span>\r\n                        <span class=\"rt-accordion-icon-opened\"><i class=\"icon-faktorie-up-arrow\"><\/i><\/span>\r\n                                    <\/span>\r\n                <span class=\"rt-accordion-title rt-title-right\">Do you work with specific technical requirements from the client?<\/span>\r\n            <\/button>\r\n       <\/h2>       \r\n        <div id=\"rtaccordion-collapse-trabalhamcomrequisitost\u00e9cnicosespec\u00edficosdocliente\" class=\"accordion-collapse collapse\" aria-labelledby=\"rtaccordion-trabalhamcomrequisitost\u00e9cnicosespec\u00edficosdocliente\" data-bs-parent=\"#rtaccordion-1\">\r\n            <div class=\"accordion-body\">\r\n              <p>Yes. We adapt the process to the technical standards and dimensional criteria provided by our clients, with technical support throughout.<\/p>            <\/div>\r\n        <\/div>\r\n   <\/div>\r\n    <\/div>\r\n\t\t\t\t<\/div>\n\t\t\t\t<\/div>\n\t\t\t\t\t<\/div>\n\t\t<\/div>\n\t\t\t\t\t<\/div>\n\t\t<\/section>\n\t\t\t\t<\/div>","protected":false},"excerpt":{"rendered":"<p>Na Quimarte, a qualidade n\u00e3o \u00e9 apenas um objetivo, \u00e9 a base de toda a nossa atividade. Desde a funda\u00e7\u00e3o da empresa, em 1978, temos evolu\u00eddo com foco na melhoria cont\u00ednua, na satisfa\u00e7\u00e3o do cliente e na inova\u00e7\u00e3o dos processos de tratamento de superf\u00edcie met\u00e1lica. A nossa pol\u00edtica de qualidade est\u00e1 alinhada com os requisitos [&hellip;]<\/p>\n","protected":false},"author":1,"featured_media":0,"parent":0,"menu_order":0,"comment_status":"closed","ping_status":"closed","template":"elementor_header_footer","meta":{"footnotes":""},"class_list":["post-92","page","type-page","status-publish","hentry"],"yoast_head":"<!-- This site is optimized with the Yoast SEO plugin v27.1.1 - https:\/\/yoast.com\/product\/yoast-seo-wordpress\/ -->\n<title>Quimarte - Qualidade<\/title>\n<meta name=\"description\" content=\"Qualidade certificada na Quimarte. Processos de tratamento de superf\u00edcies met\u00e1licas conforme NP EN ISO 9001 e IATF 16949.\" \/>\n<meta name=\"robots\" content=\"index, follow, max-snippet:-1, max-image-preview:large, max-video-preview:-1\" \/>\n<link rel=\"canonical\" href=\"https:\/\/quimarte.com\/en\/quality\/\" \/>\n<meta property=\"og:locale\" content=\"en_GB\" \/>\n<meta property=\"og:type\" content=\"article\" \/>\n<meta property=\"og:title\" content=\"Quimarte - Qualidade\" \/>\n<meta property=\"og:description\" content=\"Qualidade certificada na Quimarte. Processos de tratamento de superf\u00edcies met\u00e1licas conforme NP EN ISO 9001 e IATF 16949.\" \/>\n<meta property=\"og:url\" content=\"https:\/\/quimarte.com\/en\/quality\/\" \/>\n<meta property=\"og:site_name\" content=\"Quimarte\" \/>\n<meta property=\"article:modified_time\" content=\"2026-01-26T18:41:31+00:00\" \/>\n<meta property=\"og:image\" content=\"https:\/\/quimarte.com\/wp-content\/uploads\/2025\/06\/Qualidade1.jpg\" \/>\n\t<meta property=\"og:image:width\" content=\"480\" \/>\n\t<meta property=\"og:image:height\" content=\"659\" \/>\n\t<meta property=\"og:image:type\" content=\"image\/jpeg\" \/>\n<meta name=\"twitter:card\" content=\"summary_large_image\" \/>\n<meta name=\"twitter:label1\" content=\"Estimated reading time\" \/>\n\t<meta name=\"twitter:data1\" content=\"1 minute\" \/>\n<script type=\"application\/ld+json\" class=\"yoast-schema-graph\">{\"@context\":\"https:\/\/schema.org\",\"@graph\":[{\"@type\":\"WebPage\",\"@id\":\"https:\/\/quimarte.com\/qualidade\/\",\"url\":\"https:\/\/quimarte.com\/qualidade\/\",\"name\":\"Quimarte - Qualidade\",\"isPartOf\":{\"@id\":\"https:\/\/quimarte.com\/fr\/#website\"},\"primaryImageOfPage\":{\"@id\":\"https:\/\/quimarte.com\/qualidade\/#primaryimage\"},\"image\":{\"@id\":\"https:\/\/quimarte.com\/qualidade\/#primaryimage\"},\"thumbnailUrl\":\"https:\/\/quimarte.com\/wp-content\/uploads\/2025\/06\/Qualidade1.jpg\",\"datePublished\":\"2025-06-06T08:24:28+00:00\",\"dateModified\":\"2026-01-26T18:41:31+00:00\",\"description\":\"Qualidade certificada na Quimarte. Processos de tratamento de superf\u00edcies met\u00e1licas conforme NP EN ISO 9001 e IATF 16949.\",\"breadcrumb\":{\"@id\":\"https:\/\/quimarte.com\/qualidade\/#breadcrumb\"},\"inLanguage\":\"en-GB\",\"potentialAction\":[{\"@type\":\"ReadAction\",\"target\":[\"https:\/\/quimarte.com\/qualidade\/\"]}]},{\"@type\":\"ImageObject\",\"inLanguage\":\"en-GB\",\"@id\":\"https:\/\/quimarte.com\/qualidade\/#primaryimage\",\"url\":\"https:\/\/quimarte.com\/wp-content\/uploads\/2025\/06\/Qualidade1.jpg\",\"contentUrl\":\"https:\/\/quimarte.com\/wp-content\/uploads\/2025\/06\/Qualidade1.jpg\"},{\"@type\":\"BreadcrumbList\",\"@id\":\"https:\/\/quimarte.com\/qualidade\/#breadcrumb\",\"itemListElement\":[{\"@type\":\"ListItem\",\"position\":1,\"name\":\"In\u00edcio\",\"item\":\"https:\/\/quimarte.com\/\"},{\"@type\":\"ListItem\",\"position\":2,\"name\":\"Qualidade\"}]},{\"@type\":\"WebSite\",\"@id\":\"https:\/\/quimarte.com\/fr\/#website\",\"url\":\"https:\/\/quimarte.com\/fr\/\",\"name\":\"Quimarte\",\"description\":\"Metaliza\u00e7\u00e3o e Acabamentos Qu\u00edmicos\",\"publisher\":{\"@id\":\"https:\/\/quimarte.com\/fr\/#organization\"},\"potentialAction\":[{\"@type\":\"SearchAction\",\"target\":{\"@type\":\"EntryPoint\",\"urlTemplate\":\"https:\/\/quimarte.com\/fr\/?s={search_term_string}\"},\"query-input\":{\"@type\":\"PropertyValueSpecification\",\"valueRequired\":true,\"valueName\":\"search_term_string\"}}],\"inLanguage\":\"en-GB\"},{\"@type\":\"Organization\",\"@id\":\"https:\/\/quimarte.com\/fr\/#organization\",\"name\":\"Quimarte-metaliza\u00e7\u00e3o E Acabamentos Qu\u00edmicos Lda\",\"alternateName\":\"Quimarte\",\"url\":\"https:\/\/quimarte.com\/fr\/\",\"logo\":{\"@type\":\"ImageObject\",\"inLanguage\":\"en-GB\",\"@id\":\"https:\/\/quimarte.com\/fr\/#\/schema\/logo\/image\/\",\"url\":\"https:\/\/quimarte.com\/wp-content\/uploads\/2025\/07\/Logo_Principal_Quimarte.png\",\"contentUrl\":\"https:\/\/quimarte.com\/wp-content\/uploads\/2025\/07\/Logo_Principal_Quimarte.png\",\"width\":720,\"height\":189,\"caption\":\"Quimarte-metaliza\u00e7\u00e3o E Acabamentos Qu\u00edmicos Lda\"},\"image\":{\"@id\":\"https:\/\/quimarte.com\/fr\/#\/schema\/logo\/image\/\"}}]}<\/script>\n<!-- \/ Yoast SEO plugin. -->","yoast_head_json":{"title":"Quimarte - Qualidade","description":"Qualidade certificada na Quimarte. Processos de tratamento de superf\u00edcies met\u00e1licas conforme NP EN ISO 9001 e IATF 16949.","robots":{"index":"index","follow":"follow","max-snippet":"max-snippet:-1","max-image-preview":"max-image-preview:large","max-video-preview":"max-video-preview:-1"},"canonical":"https:\/\/quimarte.com\/en\/quality\/","og_locale":"en_GB","og_type":"article","og_title":"Quimarte - Qualidade","og_description":"Qualidade certificada na Quimarte. Processos de tratamento de superf\u00edcies met\u00e1licas conforme NP EN ISO 9001 e IATF 16949.","og_url":"https:\/\/quimarte.com\/en\/quality\/","og_site_name":"Quimarte","article_modified_time":"2026-01-26T18:41:31+00:00","og_image":[{"width":480,"height":659,"url":"https:\/\/quimarte.com\/wp-content\/uploads\/2025\/06\/Qualidade1.jpg","type":"image\/jpeg"}],"twitter_card":"summary_large_image","twitter_misc":{"Estimated reading time":"1 minute"},"schema":{"@context":"https:\/\/schema.org","@graph":[{"@type":"WebPage","@id":"https:\/\/quimarte.com\/qualidade\/","url":"https:\/\/quimarte.com\/qualidade\/","name":"Quimarte - Qualidade","isPartOf":{"@id":"https:\/\/quimarte.com\/fr\/#website"},"primaryImageOfPage":{"@id":"https:\/\/quimarte.com\/qualidade\/#primaryimage"},"image":{"@id":"https:\/\/quimarte.com\/qualidade\/#primaryimage"},"thumbnailUrl":"https:\/\/quimarte.com\/wp-content\/uploads\/2025\/06\/Qualidade1.jpg","datePublished":"2025-06-06T08:24:28+00:00","dateModified":"2026-01-26T18:41:31+00:00","description":"Qualidade certificada na Quimarte. Processos de tratamento de superf\u00edcies met\u00e1licas conforme NP EN ISO 9001 e IATF 16949.","breadcrumb":{"@id":"https:\/\/quimarte.com\/qualidade\/#breadcrumb"},"inLanguage":"en-GB","potentialAction":[{"@type":"ReadAction","target":["https:\/\/quimarte.com\/qualidade\/"]}]},{"@type":"ImageObject","inLanguage":"en-GB","@id":"https:\/\/quimarte.com\/qualidade\/#primaryimage","url":"https:\/\/quimarte.com\/wp-content\/uploads\/2025\/06\/Qualidade1.jpg","contentUrl":"https:\/\/quimarte.com\/wp-content\/uploads\/2025\/06\/Qualidade1.jpg"},{"@type":"BreadcrumbList","@id":"https:\/\/quimarte.com\/qualidade\/#breadcrumb","itemListElement":[{"@type":"ListItem","position":1,"name":"In\u00edcio","item":"https:\/\/quimarte.com\/"},{"@type":"ListItem","position":2,"name":"Qualidade"}]},{"@type":"WebSite","@id":"https:\/\/quimarte.com\/fr\/#website","url":"https:\/\/quimarte.com\/fr\/","name":"Quimarte","description":"Metaliza\u00e7\u00e3o e Acabamentos Qu\u00edmicos","publisher":{"@id":"https:\/\/quimarte.com\/fr\/#organization"},"potentialAction":[{"@type":"SearchAction","target":{"@type":"EntryPoint","urlTemplate":"https:\/\/quimarte.com\/fr\/?s={search_term_string}"},"query-input":{"@type":"PropertyValueSpecification","valueRequired":true,"valueName":"search_term_string"}}],"inLanguage":"en-GB"},{"@type":"Organization","@id":"https:\/\/quimarte.com\/fr\/#organization","name":"Quimarte-metaliza\u00e7\u00e3o E Acabamentos Qu\u00edmicos Lda","alternateName":"Quimarte","url":"https:\/\/quimarte.com\/fr\/","logo":{"@type":"ImageObject","inLanguage":"en-GB","@id":"https:\/\/quimarte.com\/fr\/#\/schema\/logo\/image\/","url":"https:\/\/quimarte.com\/wp-content\/uploads\/2025\/07\/Logo_Principal_Quimarte.png","contentUrl":"https:\/\/quimarte.com\/wp-content\/uploads\/2025\/07\/Logo_Principal_Quimarte.png","width":720,"height":189,"caption":"Quimarte-metaliza\u00e7\u00e3o E Acabamentos Qu\u00edmicos Lda"},"image":{"@id":"https:\/\/quimarte.com\/fr\/#\/schema\/logo\/image\/"}}]}},"_links":{"self":[{"href":"https:\/\/quimarte.com\/en\/wp-json\/wp\/v2\/pages\/92","targetHints":{"allow":["GET"]}}],"collection":[{"href":"https:\/\/quimarte.com\/en\/wp-json\/wp\/v2\/pages"}],"about":[{"href":"https:\/\/quimarte.com\/en\/wp-json\/wp\/v2\/types\/page"}],"author":[{"embeddable":true,"href":"https:\/\/quimarte.com\/en\/wp-json\/wp\/v2\/users\/1"}],"replies":[{"embeddable":true,"href":"https:\/\/quimarte.com\/en\/wp-json\/wp\/v2\/comments?post=92"}],"version-history":[{"count":40,"href":"https:\/\/quimarte.com\/en\/wp-json\/wp\/v2\/pages\/92\/revisions"}],"predecessor-version":[{"id":5684,"href":"https:\/\/quimarte.com\/en\/wp-json\/wp\/v2\/pages\/92\/revisions\/5684"}],"wp:attachment":[{"href":"https:\/\/quimarte.com\/en\/wp-json\/wp\/v2\/media?parent=92"}],"curies":[{"name":"wp","href":"https:\/\/api.w.org\/{rel}","templated":true}]}}